{"id":54,"date":"2024-02-16T15:11:06","date_gmt":"2024-02-16T15:11:06","guid":{"rendered":"https:\/\/educamosenred.com.ar\/?page_id=54"},"modified":"2024-02-26T15:03:49","modified_gmt":"2024-02-26T18:03:49","slug":"capacitacion","status":"publish","type":"page","link":"https:\/\/educamosenred.com.ar\/?page_id=54","title":{"rendered":"Capacitaci\u00f3n"},"content":{"rendered":"\n<p>Capacitaci\u00f3n a Docentes sobre alfabetizaci\u00f3n y c\u00e1lculo<br>Capacitaci\u00f3n a Docentes y Padres acerca de la formaci\u00f3n de v\u00ednculos sanos<br>Talleres de Alfabetizaci\u00f3n<\/p>\n\n\n<div class=\"wp-block-image\">\n<figure class=\"aligncenter size-large is-resized\"><img loading=\"lazy\" decoding=\"async\" width=\"1024\" height=\"694\" src=\"https:\/\/educamosenred.com.ar\/wp-content\/uploads\/2024\/02\/capacitac-1024x694.jpg\" alt=\"\" class=\"wp-image-117\" style=\"width:524px;height:auto\" srcset=\"https:\/\/educamosenred.com.ar\/wp-content\/uploads\/2024\/02\/capacitac-1024x694.jpg 1024w, https:\/\/educamosenred.com.ar\/wp-content\/uploads\/2024\/02\/capacitac-300x203.jpg 300w, https:\/\/educamosenred.com.ar\/wp-content\/uploads\/2024\/02\/capacitac-768x521.jpg 768w, https:\/\/educamosenred.com.ar\/wp-content\/uploads\/2024\/02\/capacitac-1536x1041.jpg 1536w, https:\/\/educamosenred.com.ar\/wp-content\/uploads\/2024\/02\/capacitac-2048x1388.jpg 2048w\" sizes=\"auto, (max-width: 1024px) 100vw, 1024px\" \/><\/figure>\n<\/div>","protected":false},"excerpt":{"rendered":"<p>Capacitaci\u00f3n a Docentes sobre alfabetizaci\u00f3n y c\u00e1lculoCapacitaci\u00f3n a Docentes y Padres acerca de la formaci\u00f3n de v\u00ednculos sanosTalleres de Alfabetizaci\u00f3n<\/p>\n","protected":false},"author":1,"featured_media":0,"parent":0,"menu_order":4,"comment_status":"closed","ping_status":"closed","template":"","meta":{"footnotes":""},"class_list":["post-54","page","type-page","status-publish","hentry"],"_links":{"self":[{"href":"https:\/\/educamosenred.com.ar\/index.php?rest_route=\/wp\/v2\/pages\/54","targetHints":{"allow":["GET"]}}],"collection":[{"href":"https:\/\/educamosenred.com.ar\/index.php?rest_route=\/wp\/v2\/pages"}],"about":[{"href":"https:\/\/educamosenred.com.ar\/index.php?rest_route=\/wp\/v2\/types\/page"}],"author":[{"embeddable":true,"href":"https:\/\/educamosenred.com.ar\/index.php?rest_route=\/wp\/v2\/users\/1"}],"replies":[{"embeddable":true,"href":"https:\/\/educamosenred.com.ar\/index.php?rest_route=%2Fwp%2Fv2%2Fcomments&post=54"}],"version-history":[{"count":3,"href":"https:\/\/educamosenred.com.ar\/index.php?rest_route=\/wp\/v2\/pages\/54\/revisions"}],"predecessor-version":[{"id":137,"href":"https:\/\/educamosenred.com.ar\/index.php?rest_route=\/wp\/v2\/pages\/54\/revisions\/137"}],"wp:attachment":[{"href":"https:\/\/educamosenred.com.ar\/index.php?rest_route=%2Fwp%2Fv2%2Fmedia&parent=54"}],"curies":[{"name":"wp","href":"https:\/\/api.w.org\/{rel}","templated":true}]}}