{"id":19,"date":"2024-02-16T13:33:41","date_gmt":"2024-02-16T13:33:41","guid":{"rendered":"https:\/\/educamosenred.com.ar\/home\/"},"modified":"2024-02-26T14:43:02","modified_gmt":"2024-02-26T17:43:02","slug":"home","status":"publish","type":"page","link":"https:\/\/educamosenred.com.ar\/","title":{"rendered":"Espacio de Psicopedagog\u00eda y Educaci\u00f3n"},"content":{"rendered":"\n<div class=\"wp-block-group\"><div class=\"wp-block-group__inner-container is-layout-constrained wp-block-group-is-layout-constrained\">\n<div class=\"wp-block-columns is-layout-flex wp-container-core-columns-is-layout-9d6595d7 wp-block-columns-is-layout-flex\">\n<div class=\"wp-block-column is-layout-flow wp-block-column-is-layout-flow\" style=\"flex-basis:33.33%\">\n<div style=\"height:73px\" aria-hidden=\"true\" class=\"wp-block-spacer\"><\/div>\n\n\n\n<figure class=\"wp-block-image size-full\"><img loading=\"lazy\" decoding=\"async\" width=\"300\" height=\"267\" src=\"https:\/\/educamosenred.com.ar\/wp-content\/uploads\/2024\/02\/logo-EER-enc.jpg\" alt=\"\" class=\"wp-image-124\"\/><\/figure>\n\n\n<p class=\"fonts-plugin-block \" style=\"font-weight: normal !important\"><\/p><\/div>\n\n\n\n<div class=\"wp-block-column is-layout-flow wp-block-column-is-layout-flow\" style=\"flex-basis:66.66%\">\n<p><strong>Consultorio particular<br>Modalidades presencial y virtual<\/strong><\/p>\n\n\n\n<p><strong>Lic. Prof. Andrea M. M\u00e1scolo<\/strong><br>Psicopedagoga egresada de la Universidad Cat\u00f3lica Argentina<\/p>\n\n\n\n<p>Docente formadora egresada del Instituto Nacional Superior del Profesorado \u201cJoaqu\u00edn V. Gonz\u00e1lez\u201d de Buenos Aires<\/p>\n\n\n\n<p>En este Espacio de Psicopedagog\u00eda y Educaci\u00f3n ofrecemos evaluaciones diagn\u00f3sticas y tratamiento de los Trastornos Espec\u00edficos del Aprendizaje: lectoescritura y c\u00e1lculo.<\/p>\n\n\n\n<p>Tambi\u00e9n ofrecemos t\u00e9cnicas de estudio para adolescentes y adultos, alfabetizaci\u00f3n acad\u00e9mica para estudios del Nivel Superior y Universitario, y Orientaci\u00f3n Vocacional.<\/p>\n<\/div>\n<\/div>\n<\/div><\/div>\n\n\n\n<p><\/p>\n","protected":false},"excerpt":{"rendered":"<p>Consultorio particularModalidades presencial y virtual Lic. Prof. Andrea M. M\u00e1scoloPsicopedagoga egresada de la Universidad Cat\u00f3lica Argentina Docente formadora egresada del Instituto Nacional Superior del Profesorado \u201cJoaqu\u00edn V. Gonz\u00e1lez\u201d de Buenos Aires En este Espacio de Psicopedagog\u00eda y Educaci\u00f3n ofrecemos evaluaciones diagn\u00f3sticas y tratamiento de los Trastornos Espec\u00edficos del Aprendizaje: lectoescritura y c\u00e1lculo. Tambi\u00e9n ofrecemos t\u00e9cnicas [&hellip;]<\/p>\n","protected":false},"author":1,"featured_media":0,"parent":0,"menu_order":0,"comment_status":"closed","ping_status":"closed","template":"","meta":{"footnotes":""},"class_list":["post-19","page","type-page","status-publish","hentry"],"_links":{"self":[{"href":"https:\/\/educamosenred.com.ar\/index.php?rest_route=\/wp\/v2\/pages\/19","targetHints":{"allow":["GET"]}}],"collection":[{"href":"https:\/\/educamosenred.com.ar\/index.php?rest_route=\/wp\/v2\/pages"}],"about":[{"href":"https:\/\/educamosenred.com.ar\/index.php?rest_route=\/wp\/v2\/types\/page"}],"author":[{"embeddable":true,"href":"https:\/\/educamosenred.com.ar\/index.php?rest_route=\/wp\/v2\/users\/1"}],"replies":[{"embeddable":true,"href":"https:\/\/educamosenred.com.ar\/index.php?rest_route=%2Fwp%2Fv2%2Fcomments&post=19"}],"version-history":[{"count":7,"href":"https:\/\/educamosenred.com.ar\/index.php?rest_route=\/wp\/v2\/pages\/19\/revisions"}],"predecessor-version":[{"id":130,"href":"https:\/\/educamosenred.com.ar\/index.php?rest_route=\/wp\/v2\/pages\/19\/revisions\/130"}],"wp:attachment":[{"href":"https:\/\/educamosenred.com.ar\/index.php?rest_route=%2Fwp%2Fv2%2Fmedia&parent=19"}],"curies":[{"name":"wp","href":"https:\/\/api.w.org\/{rel}","templated":true}]}}