{"id":18,"date":"2024-02-16T13:33:41","date_gmt":"2024-02-16T13:33:41","guid":{"rendered":"https:\/\/educamosenred.com.ar\/about\/"},"modified":"2024-02-19T12:56:55","modified_gmt":"2024-02-19T15:56:55","slug":"about","status":"publish","type":"page","link":"https:\/\/educamosenred.com.ar\/?page_id=18","title":{"rendered":"Acerca de m\u00ed"},"content":{"rendered":"\n<div class=\"wp-block-group\"><div class=\"wp-block-group__inner-container is-layout-constrained wp-block-group-is-layout-constrained\">\n<div class=\"wp-block-group\"><div class=\"wp-block-group__inner-container is-layout-constrained wp-block-group-is-layout-constrained\">\n<div class=\"wp-block-media-text is-stacked-on-mobile\"><figure class=\"wp-block-media-text__media\"><img loading=\"lazy\" decoding=\"async\" width=\"1024\" height=\"1024\" src=\"https:\/\/educamosenred.com.ar\/wp-content\/uploads\/2024\/02\/vista-superior-padre-pintando-hija-dia-padre-1024x1024.jpg\" alt=\"\" class=\"wp-image-41 size-full\" srcset=\"https:\/\/educamosenred.com.ar\/wp-content\/uploads\/2024\/02\/vista-superior-padre-pintando-hija-dia-padre-1024x1024.jpg 1024w, https:\/\/educamosenred.com.ar\/wp-content\/uploads\/2024\/02\/vista-superior-padre-pintando-hija-dia-padre-300x300.jpg 300w, https:\/\/educamosenred.com.ar\/wp-content\/uploads\/2024\/02\/vista-superior-padre-pintando-hija-dia-padre-150x150.jpg 150w, https:\/\/educamosenred.com.ar\/wp-content\/uploads\/2024\/02\/vista-superior-padre-pintando-hija-dia-padre-768x768.jpg 768w, https:\/\/educamosenred.com.ar\/wp-content\/uploads\/2024\/02\/vista-superior-padre-pintando-hija-dia-padre-1536x1536.jpg 1536w, https:\/\/educamosenred.com.ar\/wp-content\/uploads\/2024\/02\/vista-superior-padre-pintando-hija-dia-padre-2048x2048.jpg 2048w\" sizes=\"auto, (max-width: 1024px) 100vw, 1024px\" \/><\/figure><div class=\"wp-block-media-text__content\">\n<p>Soy una Profesional Docente egresada del Instituto Nacional del Profesorado \u00abJ. V. Gonz\u00e1lez\u00bb de la Ciudad de Buenos Aires con amplia experiencia en el Nivel Secundario, donde ejerc\u00ed cargos docentes frente a alumnos, en Coordinaci\u00f3n, Jefatura de \u00c1rea y Direcci\u00f3n.<br>Desde el a\u00f1o 2008 soy Profesora en el Nivel Superior en Institutos de Formaci\u00f3n Docente de la provincia de Buenos Aires.<\/p>\n<\/div><\/div>\n\n\n\n<p>Desde el a\u00f1o 2013 soy Psicopedagoga; llev\u00e9 a cabo mi trabajo en Asesor\u00eda Pedag\u00f3gica y en proyectos de Inclusi\u00f3n Educativa. Desde el a\u00f1o 2020 soy titular de Educamos en Red Espacio de Psicopedagog\u00eda y Educaci\u00f3n, donde me desempe\u00f1o en el \u00e1mbito de la Cl\u00ednica Psicopedag\u00f3gica.<\/p>\n\n\n\n<div class=\"wp-block-group\"><div class=\"wp-block-group__inner-container is-layout-constrained wp-block-group-is-layout-constrained\"><\/div><\/div>\n<\/div><\/div>\n<\/div><\/div>\n","protected":false},"excerpt":{"rendered":"<p>Soy una Profesional Docente egresada del Instituto Nacional del Profesorado \u00abJ. V. Gonz\u00e1lez\u00bb de la Ciudad de Buenos Aires con amplia experiencia en el Nivel Secundario, donde ejerc\u00ed cargos docentes frente a alumnos, en Coordinaci\u00f3n, Jefatura de \u00c1rea y Direcci\u00f3n.Desde el a\u00f1o 2008 soy Profesora en el Nivel Superior en Institutos de Formaci\u00f3n Docente de [&hellip;]<\/p>\n","protected":false},"author":1,"featured_media":0,"parent":0,"menu_order":1,"comment_status":"closed","ping_status":"closed","template":"","meta":{"footnotes":""},"class_list":["post-18","page","type-page","status-publish","hentry"],"_links":{"self":[{"href":"https:\/\/educamosenred.com.ar\/index.php?rest_route=\/wp\/v2\/pages\/18","targetHints":{"allow":["GET"]}}],"collection":[{"href":"https:\/\/educamosenred.com.ar\/index.php?rest_route=\/wp\/v2\/pages"}],"about":[{"href":"https:\/\/educamosenred.com.ar\/index.php?rest_route=\/wp\/v2\/types\/page"}],"author":[{"embeddable":true,"href":"https:\/\/educamosenred.com.ar\/index.php?rest_route=\/wp\/v2\/users\/1"}],"replies":[{"embeddable":true,"href":"https:\/\/educamosenred.com.ar\/index.php?rest_route=%2Fwp%2Fv2%2Fcomments&post=18"}],"version-history":[{"count":7,"href":"https:\/\/educamosenred.com.ar\/index.php?rest_route=\/wp\/v2\/pages\/18\/revisions"}],"predecessor-version":[{"id":106,"href":"https:\/\/educamosenred.com.ar\/index.php?rest_route=\/wp\/v2\/pages\/18\/revisions\/106"}],"wp:attachment":[{"href":"https:\/\/educamosenred.com.ar\/index.php?rest_route=%2Fwp%2Fv2%2Fmedia&parent=18"}],"curies":[{"name":"wp","href":"https:\/\/api.w.org\/{rel}","templated":true}]}}