{"id":17,"date":"2024-02-16T13:33:41","date_gmt":"2024-02-16T13:33:41","guid":{"rendered":"https:\/\/educamosenred.com.ar\/service\/"},"modified":"2024-02-26T15:02:46","modified_gmt":"2024-02-26T18:02:46","slug":"service","status":"publish","type":"page","link":"https:\/\/educamosenred.com.ar\/?page_id=17","title":{"rendered":"Cl\u00ednica Psicopedag\u00f3gica"},"content":{"rendered":"\n<p>Diagn\u00f3stico Psicopedag\u00f3gico<br>Inteligencias m\u00faltiples<br>Evaluaci\u00f3n neurocognitiva<br>Tests psicom\u00e9tricos y proyectivos<br>Orientaci\u00f3n Vocacional<br>Tratamiento en Cl\u00ednica Psicopedag\u00f3gica<br>Alfabetizaci\u00f3n Inicial<br>Lectura y escritura<br>Comprensi\u00f3n Lectora<br>Dislexia<br>Iniciaci\u00f3n al c\u00e1lculo<br>Operatoria en Matem\u00e1tica<br>Discalculia<br>TDA \u2013 TDAH<\/p>\n","protected":false},"excerpt":{"rendered":"<p>Diagn\u00f3stico Psicopedag\u00f3gicoInteligencias m\u00faltiplesEvaluaci\u00f3n neurocognitivaTests psicom\u00e9tricos y proyectivosOrientaci\u00f3n VocacionalTratamiento en Cl\u00ednica Psicopedag\u00f3gicaAlfabetizaci\u00f3n InicialLectura y escrituraComprensi\u00f3n LectoraDislexiaIniciaci\u00f3n al c\u00e1lculoOperatoria en Matem\u00e1ticaDiscalculiaTDA \u2013 TDAH<\/p>\n","protected":false},"author":1,"featured_media":0,"parent":0,"menu_order":2,"comment_status":"closed","ping_status":"closed","template":"","meta":{"footnotes":""},"class_list":["post-17","page","type-page","status-publish","hentry"],"_links":{"self":[{"href":"https:\/\/educamosenred.com.ar\/index.php?rest_route=\/wp\/v2\/pages\/17","targetHints":{"allow":["GET"]}}],"collection":[{"href":"https:\/\/educamosenred.com.ar\/index.php?rest_route=\/wp\/v2\/pages"}],"about":[{"href":"https:\/\/educamosenred.com.ar\/index.php?rest_route=\/wp\/v2\/types\/page"}],"author":[{"embeddable":true,"href":"https:\/\/educamosenred.com.ar\/index.php?rest_route=\/wp\/v2\/users\/1"}],"replies":[{"embeddable":true,"href":"https:\/\/educamosenred.com.ar\/index.php?rest_route=%2Fwp%2Fv2%2Fcomments&post=17"}],"version-history":[{"count":5,"href":"https:\/\/educamosenred.com.ar\/index.php?rest_route=\/wp\/v2\/pages\/17\/revisions"}],"predecessor-version":[{"id":136,"href":"https:\/\/educamosenred.com.ar\/index.php?rest_route=\/wp\/v2\/pages\/17\/revisions\/136"}],"wp:attachment":[{"href":"https:\/\/educamosenred.com.ar\/index.php?rest_route=%2Fwp%2Fv2%2Fmedia&parent=17"}],"curies":[{"name":"wp","href":"https:\/\/api.w.org\/{rel}","templated":true}]}}